{"id":244,"date":"2023-04-28T09:19:42","date_gmt":"2023-04-28T07:19:42","guid":{"rendered":"http:\/\/heurigen-30grund.at\/?page_id=244"},"modified":"2023-06-13T12:11:07","modified_gmt":"2023-06-13T10:11:07","slug":"geschichte-2","status":"publish","type":"page","link":"https:\/\/heurigen-30grund.at\/?page_id=244","title":{"rendered":"Geschichte"},"content":{"rendered":"\t\t<div data-elementor-type=\"wp-page\" data-elementor-id=\"244\" class=\"elementor elementor-244\">\n\t\t\t\t\t\t<section class=\"elementor-section elementor-top-section elementor-element elementor-element-a3a9544 elementor-section-boxed elementor-section-height-default elementor-section-height-default\" data-id=\"a3a9544\" data-element_type=\"section\" data-e-type=\"section\">\n\t\t\t\t\t\t<div class=\"elementor-container elementor-column-gap-default\">\n\t\t\t\t\t<div class=\"elementor-column elementor-col-100 elementor-top-column elementor-element elementor-element-b7acea6\" data-id=\"b7acea6\" data-element_type=\"column\" data-e-type=\"column\">\n\t\t\t<div class=\"elementor-widget-wrap elementor-element-populated\">\n\t\t\t\t\t\t<div class=\"elementor-element elementor-element-1f538f0 elementor-widget elementor-widget-spacer\" data-id=\"1f538f0\" data-element_type=\"widget\" data-e-type=\"widget\" data-widget_type=\"spacer.default\">\n\t\t\t\t<div class=\"elementor-widget-container\">\n\t\t\t\t\t\t\t<div class=\"elementor-spacer\">\n\t\t\t<div class=\"elementor-spacer-inner\"><\/div>\n\t\t<\/div>\n\t\t\t\t\t\t<\/div>\n\t\t\t\t<\/div>\n\t\t\t\t\t<\/div>\n\t\t<\/div>\n\t\t\t\t\t<\/div>\n\t\t<\/section>\n\t\t\t\t<section class=\"elementor-section elementor-top-section elementor-element elementor-element-57f7243 elementor-section-boxed elementor-section-height-default elementor-section-height-default\" data-id=\"57f7243\" data-element_type=\"section\" data-e-type=\"section\">\n\t\t\t\t\t\t<div class=\"elementor-container elementor-column-gap-default\">\n\t\t\t\t\t<div class=\"elementor-column elementor-col-100 elementor-top-column elementor-element elementor-element-bd42628\" data-id=\"bd42628\" data-element_type=\"column\" data-e-type=\"column\">\n\t\t\t<div class=\"elementor-widget-wrap elementor-element-populated\">\n\t\t\t\t\t\t<div class=\"elementor-element elementor-element-48f92d5 elementor-widget elementor-widget-heading\" data-id=\"48f92d5\" data-element_type=\"widget\" data-e-type=\"widget\" data-widget_type=\"heading.default\">\n\t\t\t\t<div class=\"elementor-widget-container\">\n\t\t\t\t\t<h2 class=\"elementor-heading-title elementor-size-default\">Unsere Geschichte ...<\/h2>\t\t\t\t<\/div>\n\t\t\t\t<\/div>\n\t\t\t\t\t<\/div>\n\t\t<\/div>\n\t\t\t\t\t<\/div>\n\t\t<\/section>\n\t\t\t\t<section class=\"elementor-section elementor-top-section elementor-element elementor-element-f19afc7 elementor-section-boxed elementor-section-height-default elementor-section-height-default\" data-id=\"f19afc7\" data-element_type=\"section\" data-e-type=\"section\">\n\t\t\t\t\t\t<div class=\"elementor-container elementor-column-gap-default\">\n\t\t\t\t\t<div class=\"elementor-column elementor-col-100 elementor-top-column elementor-element elementor-element-d71dbb6\" data-id=\"d71dbb6\" data-element_type=\"column\" data-e-type=\"column\">\n\t\t\t<div class=\"elementor-widget-wrap elementor-element-populated\">\n\t\t\t\t\t\t<div class=\"elementor-element elementor-element-461e635 elementor-widget elementor-widget-heading\" data-id=\"461e635\" data-element_type=\"widget\" data-e-type=\"widget\" data-widget_type=\"heading.default\">\n\t\t\t\t<div class=\"elementor-widget-container\">\n\t\t\t\t\t<h2 class=\"elementor-heading-title elementor-size-default\">Heuriger mit Tradition!<\/h2>\t\t\t\t<\/div>\n\t\t\t\t<\/div>\n\t\t\t\t<div class=\"elementor-element elementor-element-811a943 elementor-widget__width-initial elementor-widget elementor-widget-text-editor\" data-id=\"811a943\" data-element_type=\"widget\" data-e-type=\"widget\" data-widget_type=\"text-editor.default\">\n\t\t\t\t<div class=\"elementor-widget-container\">\n\t\t\t\t\t\t\t\t\t<p>Den Grundstein f\u00fcr dieses Haus und auch f\u00fcr unseren Heurigen legte unser Gro\u00dfvater Her Johann Grund (1912-2002) im Jahre 1952.<span style=\"font-style: inherit; background-color: var(--ast-global-color-5);\">\u00a0Seither wird hier regelm\u00e4\u00dfig ausgesteckt.<\/span><\/p><p>Damals war es das Haus mit der Nummer &#8222;30&#8220; in Matzendorf. Die Einheimischen und Ortsbewohner nannten auch &#8222;ihn&#8220; den &#8222;30er &#8211; Grund&#8220;.\u00a0<br \/>Von dort her f\u00fchrt dieser Name und wird bis heute so gelebt. Wir halten nat\u00fcrlich diese Tradition aufrecht und werden dadurch der &#8222;Heuriger zum 30er Grund&#8220; genannt!<\/p><p>&#8222;Danke Gro\u00dfvater!&#8220;<\/p>\t\t\t\t\t\t\t\t<\/div>\n\t\t\t\t<\/div>\n\t\t\t\t\t<\/div>\n\t\t<\/div>\n\t\t\t\t\t<\/div>\n\t\t<\/section>\n\t\t\t\t<section class=\"elementor-section elementor-top-section elementor-element elementor-element-dbcd1d8 elementor-section-boxed elementor-section-height-default elementor-section-height-default\" data-id=\"dbcd1d8\" data-element_type=\"section\" data-e-type=\"section\">\n\t\t\t\t\t\t<div class=\"elementor-container elementor-column-gap-default\">\n\t\t\t\t\t<div class=\"elementor-column elementor-col-100 elementor-top-column elementor-element elementor-element-07d5f9d\" data-id=\"07d5f9d\" data-element_type=\"column\" data-e-type=\"column\">\n\t\t\t<div class=\"elementor-widget-wrap elementor-element-populated\">\n\t\t\t\t\t\t<div class=\"elementor-element elementor-element-e293659 elementor-widget elementor-widget-heading\" data-id=\"e293659\" data-element_type=\"widget\" data-e-type=\"widget\" data-widget_type=\"heading.default\">\n\t\t\t\t<div class=\"elementor-widget-container\">\n\t\t\t\t\t<h2 class=\"elementor-heading-title elementor-size-default\">Der Schimmel von Matzendorf ...<\/h2>\t\t\t\t<\/div>\n\t\t\t\t<\/div>\n\t\t\t\t\t<\/div>\n\t\t<\/div>\n\t\t\t\t\t<\/div>\n\t\t<\/section>\n\t\t\t\t<section class=\"elementor-section elementor-top-section elementor-element elementor-element-7b54a78 elementor-section-boxed elementor-section-height-default elementor-section-height-default\" data-id=\"7b54a78\" data-element_type=\"section\" data-e-type=\"section\">\n\t\t\t\t\t\t<div class=\"elementor-container elementor-column-gap-default\">\n\t\t\t\t\t<div class=\"elementor-column elementor-col-100 elementor-top-column elementor-element elementor-element-2147a2c\" data-id=\"2147a2c\" data-element_type=\"column\" data-e-type=\"column\">\n\t\t\t<div class=\"elementor-widget-wrap elementor-element-populated\">\n\t\t\t\t\t\t<div class=\"elementor-element elementor-element-2404a9d elementor-widget__width-initial elementor-widget elementor-widget-text-editor\" data-id=\"2404a9d\" data-element_type=\"widget\" data-e-type=\"widget\" data-widget_type=\"text-editor.default\">\n\t\t\t\t<div class=\"elementor-widget-container\">\n\t\t\t\t\t\t\t\t\t<p>Matzendorf war lange Zeit Teil der Pfarre Leobersdorf und hatte au\u00dferhalb des Ortes eine kleine Kirche, die im Volksmund &#8222;Hoadkirchl&#8220; genannt wurde. Als der Ort im Jahr 1783 zur eigenen Pfarre erhoben wurde, wurde das &#8222;Hoadkirchl&#8220; entweiht und die derzeitige Kirche zu Ehren der heiligen Radegundis erbaut. Zwischen 1830 und 1837 wurde die alte Kirche abgerissen. Eines Tages stand die T\u00fcr des alten &#8222;Hoadkirchls&#8220; offen. Ein Schimmel, der mit anderen Pferden in der N\u00e4he graste, trennte sich pl\u00f6tzlich von der Herde und trabte durch die offene T\u00fcr in die Kirche. Der Wind schlug die T\u00fcr hinter ihm zu, sodass er nicht mehr herauskonnte.<\/p><p>Der Hirtenjunge, der im Schatten eines Baumes lag und friedlich vor sich hin d\u00f6ste, bemerkte nichts davon. Auch als er abends die Herde nach Hause trieb, fiel ihm nicht auf, dass ein Pferd fehlte. Zun\u00e4chst dachte der Besitzer, sein Schimmel h\u00e4tte sich in einem anderen Stall verirrt und w\u00fcrde schon noch auftauchen. Doch es wurde dunkel, und der Schimmel kam nicht. Der Bauer rief einige Leute herbei, und sie begannen nach dem Pferd zu suchen, konnten es aber nirgendwo finden. Am n\u00e4chsten Tag blieb die Suche erfolglos, und die Leute glaubten, der Schimmel sei gestohlen worden.<\/p><p>In der Zwischenzeit stand das arme Tier in der alten, leeren Kirche und fand keinen Ausweg. Hungrig nagte es an der Glockenschnur, und jedes Mal, wenn es daran knabberte und zerrte, l\u00e4utete das Gl\u00f6ckchen.\u00a0<span style=\"font-style: inherit; font-weight: inherit; font-family: var( --e-global-typography-text-font-family ), Sans-serif; background-color: var(--ast-global-color-5);\">Ein paar Tage und N\u00e4chte lang war das Gebimmel zu h\u00f6ren. Die Bewohner von Matzendorf konnten sich die Ger\u00e4usche nicht erkl\u00e4ren. Eine abergl\u00e4ubische Angst hielt sie davon ab, die alte Kirche zu betreten.<\/span><\/p><p>Als das Gel\u00e4ut schlie\u00dflich verstummte, waren einige mutige M\u00e4nner bereit, nachzusehen. Sie \u00f6ffneten die T\u00fcr vorsichtig einen Spalt und schauten hinein.\u00a0<span style=\"background-color: var(--ast-global-color-5); font-family: var( --e-global-typography-text-font-family ), Sans-serif; font-style: inherit; font-weight: inherit;\">Dort sahen sie den verstorbenen Schimmel in der Kirche liegen.<\/span><\/p>\t\t\t\t\t\t\t\t<\/div>\n\t\t\t\t<\/div>\n\t\t\t\t\t<\/div>\n\t\t<\/div>\n\t\t\t\t\t<\/div>\n\t\t<\/section>\n\t\t\t\t<section class=\"elementor-section elementor-top-section elementor-element elementor-element-5814014 elementor-section-boxed elementor-section-height-default elementor-section-height-default\" data-id=\"5814014\" data-element_type=\"section\" data-e-type=\"section\">\n\t\t\t\t\t\t<div class=\"elementor-container elementor-column-gap-default\">\n\t\t\t\t\t<div class=\"elementor-column elementor-col-100 elementor-top-column elementor-element elementor-element-7a27e38\" data-id=\"7a27e38\" data-element_type=\"column\" data-e-type=\"column\">\n\t\t\t<div class=\"elementor-widget-wrap elementor-element-populated\">\n\t\t\t\t\t\t<div class=\"elementor-element elementor-element-ad92dbd elementor-widget elementor-widget-spacer\" data-id=\"ad92dbd\" data-element_type=\"widget\" data-e-type=\"widget\" data-widget_type=\"spacer.default\">\n\t\t\t\t<div class=\"elementor-widget-container\">\n\t\t\t\t\t\t\t<div class=\"elementor-spacer\">\n\t\t\t<div class=\"elementor-spacer-inner\"><\/div>\n\t\t<\/div>\n\t\t\t\t\t\t<\/div>\n\t\t\t\t<\/div>\n\t\t\t\t\t<\/div>\n\t\t<\/div>\n\t\t\t\t\t<\/div>\n\t\t<\/section>\n\t\t\t\t<\/div>\n\t\t","protected":false},"excerpt":{"rendered":"<p>Unsere Geschichte &#8230; Heuriger mit Tradition! Den Grundstein f\u00fcr dieses Haus und auch f\u00fcr unseren Heurigen legte unser Gro\u00dfvater Her Johann Grund (1912-2002) im Jahre 1952.\u00a0Seither wird hier regelm\u00e4\u00dfig ausgesteckt. Damals war es das Haus mit der Nummer &#8222;30&#8220; in Matzendorf. Die Einheimischen und Ortsbewohner nannten auch &#8222;ihn&#8220; den &#8222;30er &#8211; Grund&#8220;.\u00a0Von dort her f\u00fchrt [&hellip;]<\/p>\n","protected":false},"author":1,"featured_media":0,"parent":0,"menu_order":0,"comment_status":"closed","ping_status":"closed","template":"","meta":{"site-sidebar-layout":"no-sidebar","site-content-layout":"page-builder","ast-site-content-layout":"default","site-content-style":"default","site-sidebar-style":"default","ast-global-header-display":"","ast-banner-title-visibility":"","ast-main-header-display":"","ast-hfb-above-header-display":"","ast-hfb-below-header-display":"","ast-hfb-mobile-header-display":"","site-post-title":"disabled","ast-breadcrumbs-content":"","ast-featured-img":"disabled","footer-sml-layout":"","ast-disable-related-posts":"","theme-transparent-header-meta":"","adv-header-id-meta":"","stick-header-meta":"","header-above-stick-meta":"","header-main-stick-meta":"","header-below-stick-meta":"","astra-migrate-meta-layouts":"default","ast-page-background-enabled":"default","ast-page-background-meta":{"desktop":{"background-color":"var(--ast-global-color-4)","background-image":"","background-repeat":"repeat","background-position":"center center","background-size":"auto","background-attachment":"scroll","background-type":"","background-media":"","overlay-type":"","overlay-color":"","overlay-opacity":"","overlay-gradient":""},"tablet":{"background-color":"","background-image":"","background-repeat":"repeat","background-position":"center center","background-size":"auto","background-attachment":"scroll","background-type":"","background-media":"","overlay-type":"","overlay-color":"","overlay-opacity":"","overlay-gradient":""},"mobile":{"background-color":"","background-image":"","background-repeat":"repeat","background-position":"center center","background-size":"auto","background-attachment":"scroll","background-type":"","background-media":"","overlay-type":"","overlay-color":"","overlay-opacity":"","overlay-gradient":""}},"ast-content-background-meta":{"desktop":{"background-color":"var(--ast-global-color-5)","background-image":"","background-repeat":"repeat","background-position":"center center","background-size":"auto","background-attachment":"scroll","background-type":"","background-media":"","overlay-type":"","overlay-color":"","overlay-opacity":"","overlay-gradient":""},"tablet":{"background-color":"var(--ast-global-color-5)","background-image":"","background-repeat":"repeat","background-position":"center center","background-size":"auto","background-attachment":"scroll","background-type":"","background-media":"","overlay-type":"","overlay-color":"","overlay-opacity":"","overlay-gradient":""},"mobile":{"background-color":"var(--ast-global-color-5)","background-image":"","background-repeat":"repeat","background-position":"center center","background-size":"auto","background-attachment":"scroll","background-type":"","background-media":"","overlay-type":"","overlay-color":"","overlay-opacity":"","overlay-gradient":""}},"footnotes":""},"class_list":["post-244","page","type-page","status-publish","hentry"],"_links":{"self":[{"href":"https:\/\/heurigen-30grund.at\/index.php?rest_route=\/wp\/v2\/pages\/244","targetHints":{"allow":["GET"]}}],"collection":[{"href":"https:\/\/heurigen-30grund.at\/index.php?rest_route=\/wp\/v2\/pages"}],"about":[{"href":"https:\/\/heurigen-30grund.at\/index.php?rest_route=\/wp\/v2\/types\/page"}],"author":[{"embeddable":true,"href":"https:\/\/heurigen-30grund.at\/index.php?rest_route=\/wp\/v2\/users\/1"}],"replies":[{"embeddable":true,"href":"https:\/\/heurigen-30grund.at\/index.php?rest_route=%2Fwp%2Fv2%2Fcomments&post=244"}],"version-history":[{"count":56,"href":"https:\/\/heurigen-30grund.at\/index.php?rest_route=\/wp\/v2\/pages\/244\/revisions"}],"predecessor-version":[{"id":600,"href":"https:\/\/heurigen-30grund.at\/index.php?rest_route=\/wp\/v2\/pages\/244\/revisions\/600"}],"wp:attachment":[{"href":"https:\/\/heurigen-30grund.at\/index.php?rest_route=%2Fwp%2Fv2%2Fmedia&parent=244"}],"curies":[{"name":"wp","href":"https:\/\/api.w.org\/{rel}","templated":true}]}}